{"id":10,"date":"2021-11-25T15:37:11","date_gmt":"2021-11-25T15:37:11","guid":{"rendered":"https:\/\/kits.themecy.com\/learn\/?page_id=9"},"modified":"2025-02-03T05:21:46","modified_gmt":"2025-02-03T05:21:46","slug":"iletisim","status":"publish","type":"page","link":"https:\/\/csglobal.net.tr\/?page_id=10","title":{"rendered":"\u0130LET\u0130\u015e\u0130M"},"content":{"rendered":"<style>.kb-row-layout-id10_9b3446-b6 > .kt-row-column-wrap{align-content:start;}:where(.kb-row-layout-id10_9b3446-b6 > .kt-row-column-wrap) > .wp-block-kadence-column{justify-content:start;}.kb-row-layout-id10_9b3446-b6 > .kt-row-column-wrap{column-gap:var(--global-kb-gap-md, 2rem);row-gap:var(--global-kb-gap-md, 2rem);max-width:var( --global-content-width, 1290px );padding-left:var(--global-content-edge-padding);padding-right:var(--global-content-edge-padding);padding-top:260px;padding-bottom:100px;grid-template-columns:minmax(0, 1fr);}.kb-row-layout-id10_9b3446-b6{background-image:url('https:\/\/csglobal.net.tr\/wp-content\/uploads\/2023\/11\/cs-global-vize-danismanlik-.webp');background-size:cover;background-position:center center;background-attachment:scroll;background-repeat:no-repeat;}.kb-row-layout-id10_9b3446-b6 > .kt-row-layout-overlay{opacity:0.52;background-color:var(--global-palette3, #1A202C);mix-blend-mode:normal;}@media all and (max-width: 1024px){.kb-row-layout-id10_9b3446-b6 > .kt-row-column-wrap{grid-template-columns:minmax(0, 1fr);}}@media all and (max-width: 767px){.kb-row-layout-id10_9b3446-b6 > .kt-row-column-wrap{grid-template-columns:minmax(0, 1fr);}}<\/style><div class=\"kb-row-layout-wrap kb-row-layout-id10_9b3446-b6 alignnone kt-row-has-bg wp-block-kadence-rowlayout\"><div class=\"kt-row-layout-overlay kt-row-overlay-normal\"><\/div><div class=\"kt-row-column-wrap kt-has-1-columns kt-row-layout-equal kt-tab-layout-inherit kt-mobile-layout-row kt-row-valign-top kb-theme-content-width\">\n<style>.kadence-column10_a4b5c6-79 > .kt-inside-inner-col,.kadence-column10_a4b5c6-79 > .kt-inside-inner-col:before{border-top-left-radius:0px;border-top-right-radius:0px;border-bottom-right-radius:0px;border-bottom-left-radius:0px;}.kadence-column10_a4b5c6-79 > .kt-inside-inner-col{column-gap:var(--global-kb-gap-sm, 1rem);}.kadence-column10_a4b5c6-79 > .kt-inside-inner-col{flex-direction:column;}.kadence-column10_a4b5c6-79 > .kt-inside-inner-col > .aligncenter{width:100%;}.kadence-column10_a4b5c6-79 > .kt-inside-inner-col:before{opacity:0.3;}.kadence-column10_a4b5c6-79{position:relative;}@media all and (max-width: 1024px){.kadence-column10_a4b5c6-79 > .kt-inside-inner-col{flex-direction:column;justify-content:center;}}@media all and (max-width: 767px){.kadence-column10_a4b5c6-79 > .kt-inside-inner-col{flex-direction:column;justify-content:center;}}<\/style>\n<div class=\"wp-block-kadence-column kadence-column10_a4b5c6-79 inner-column-1\"><div class=\"kt-inside-inner-col\"><style>.wp-block-kadence-advancedheading.kt-adv-heading10_dcea33-d4, .wp-block-kadence-advancedheading.kt-adv-heading10_dcea33-d4[data-kb-block=\"kb-adv-heading10_dcea33-d4\"]{text-align:center;font-size:52px;font-style:normal;}.wp-block-kadence-advancedheading.kt-adv-heading10_dcea33-d4 mark.kt-highlight, .wp-block-kadence-advancedheading.kt-adv-heading10_dcea33-d4[data-kb-block=\"kb-adv-heading10_dcea33-d4\"] mark.kt-highlight{font-style:normal;color:#f76a0c;-webkit-box-decoration-break:clone;box-decoration-break:clone;}.wp-block-kadence-advancedheading.kt-adv-heading10_dcea33-d4 img.kb-inline-image, .wp-block-kadence-advancedheading.kt-adv-heading10_dcea33-d4[data-kb-block=\"kb-adv-heading10_dcea33-d4\"] img.kb-inline-image{width:150px;vertical-align:baseline;padding-top:0px;padding-right:0px;padding-bottom:0px;padding-left:0px;}@media all and (max-width: 767px){.wp-block-kadence-advancedheading.kt-adv-heading10_dcea33-d4, .wp-block-kadence-advancedheading.kt-adv-heading10_dcea33-d4[data-kb-block=\"kb-adv-heading10_dcea33-d4\"]{font-size:var(--global-kb-font-size-lg, 2rem);}}<\/style>\n<h2 class=\"kt-adv-heading10_dcea33-d4 wp-block-kadence-advancedheading has-theme-palette-9-color has-text-color\" data-kb-block=\"kb-adv-heading10_dcea33-d4\">\u0130LET\u0130\u015e\u0130M<\/h2>\n\n\n<style>.wp-block-kadence-advancedheading.kt-adv-heading10_0af0a3-66, .wp-block-kadence-advancedheading.kt-adv-heading10_0af0a3-66[data-kb-block=\"kb-adv-heading10_0af0a3-66\"]{text-align:center;font-style:normal;}.wp-block-kadence-advancedheading.kt-adv-heading10_0af0a3-66 mark.kt-highlight, .wp-block-kadence-advancedheading.kt-adv-heading10_0af0a3-66[data-kb-block=\"kb-adv-heading10_0af0a3-66\"] mark.kt-highlight{font-style:normal;color:#f76a0c;-webkit-box-decoration-break:clone;box-decoration-break:clone;}.wp-block-kadence-advancedheading.kt-adv-heading10_0af0a3-66 img.kb-inline-image, .wp-block-kadence-advancedheading.kt-adv-heading10_0af0a3-66[data-kb-block=\"kb-adv-heading10_0af0a3-66\"] img.kb-inline-image{width:150px;vertical-align:baseline;padding-top:0px;padding-right:0px;padding-bottom:0px;padding-left:0px;}<\/style>\n<p class=\"kt-adv-heading10_0af0a3-66 wp-block-kadence-advancedheading has-theme-palette-9-color has-text-color\" data-kb-block=\"kb-adv-heading10_0af0a3-66\">Bize Her Zaman Ula\u015fabilirsiniz<a href=\"\"><\/a><\/p>\n\n\n<style>.wp-block-kadence-advancedbtn.kb-btns10_f7f171-02{gap:var(--global-kb-gap-xs, 0.5rem );justify-content:center;align-items:center;}.kt-btns10_f7f171-02 .kt-button{font-weight:normal;font-style:normal;}<\/style>\n<div class=\"wp-block-kadence-advancedbtn kb-buttons-wrap kb-btns10_f7f171-02\"><style>ul.menu .wp-block-kadence-advancedbtn .kb-btn10_2a0e16-61.kb-button{width:initial;}<\/style><a class=\"kb-button kt-button button kb-btn10_2a0e16-61 kt-btn-size-standard kt-btn-width-type-auto kb-btn-global-inherit  kt-btn-has-text-true kt-btn-has-svg-false  wp-block-button__link wp-block-kadence-singlebtn\" href=\"tel:05011356590\"><span class=\"kt-btn-inner-text\">V\u0130ZE \u0130\u015eLEMLER\u0130 \u0130\u00c7\u0130N HEMEN ARAYIN<\/span><\/a><\/div>\n<\/div><\/div>\n\n<\/div><\/div>\n\n<style>.kb-row-layout-wrap.wp-block-kadence-rowlayout.kb-row-layout-id10_644ec2-93{margin-top:0px;margin-bottom:0px;}.kb-row-layout-id10_644ec2-93 > .kt-row-column-wrap{align-content:start;}:where(.kb-row-layout-id10_644ec2-93 > .kt-row-column-wrap) > .wp-block-kadence-column{justify-content:start;}.kb-row-layout-id10_644ec2-93 > .kt-row-column-wrap{column-gap:var(--global-kb-gap-none, 0rem );row-gap:var(--global-kb-gap-md, 2rem);max-width:var( --global-content-width, 1290px );padding-left:var(--global-content-edge-padding);padding-right:var(--global-content-edge-padding);padding-top:0px;padding-bottom:0px;}.kb-row-layout-id10_644ec2-93 > .kt-row-column-wrap > div:not(.added-for-specificity){grid-column:initial;}.kb-row-layout-id10_644ec2-93 > .kt-row-column-wrap{grid-template-columns:repeat(3, minmax(0, 1fr));}.kb-row-layout-id10_644ec2-93 > .kt-row-layout-overlay{opacity:0.30;}@media all and (max-width: 1024px){.kb-row-layout-id10_644ec2-93 > .kt-row-column-wrap > div:not(.added-for-specificity){grid-column:initial;}}@media all and (max-width: 1024px){.kb-row-layout-id10_644ec2-93 > .kt-row-column-wrap{grid-template-columns:repeat(3, minmax(0, 1fr));}}@media all and (max-width: 767px){.kb-row-layout-id10_644ec2-93 > .kt-row-column-wrap > div:not(.added-for-specificity){grid-column:initial;}.kb-row-layout-id10_644ec2-93 > .kt-row-column-wrap{grid-template-columns:minmax(0, 1fr);}}<\/style><div class=\"kb-row-layout-wrap kb-row-layout-id10_644ec2-93 alignnone wp-block-kadence-rowlayout\"><div class=\"kt-row-column-wrap kt-has-3-columns kt-row-layout-equal kt-tab-layout-inherit kt-mobile-layout-row kt-row-valign-top kb-theme-content-width\">\n<style>.kadence-column10_572418-93 > .kt-inside-inner-col{padding-top:0px;padding-bottom:0px;}.kadence-column10_572418-93 > .kt-inside-inner-col,.kadence-column10_572418-93 > .kt-inside-inner-col:before{border-top-left-radius:0px;border-top-right-radius:0px;border-bottom-right-radius:0px;border-bottom-left-radius:0px;}.kadence-column10_572418-93 > .kt-inside-inner-col{column-gap:var(--global-kb-gap-sm, 1rem);}.kadence-column10_572418-93 > .kt-inside-inner-col{flex-direction:column;}.kadence-column10_572418-93 > .kt-inside-inner-col > .aligncenter{width:100%;}.kadence-column10_572418-93 > .kt-inside-inner-col:before{opacity:0.3;}.kadence-column10_572418-93{position:relative;}.kadence-column10_572418-93, .kt-inside-inner-col > .kadence-column10_572418-93:not(.specificity){margin-top:0px;margin-bottom:0px;}@media all and (max-width: 1024px){.kadence-column10_572418-93 > .kt-inside-inner-col{flex-direction:column;justify-content:center;}}@media all and (max-width: 767px){.kadence-column10_572418-93 > .kt-inside-inner-col{flex-direction:column;justify-content:center;}}<\/style>\n<div class=\"wp-block-kadence-column kadence-column10_572418-93 inner-column-1\"><div class=\"kt-inside-inner-col\"><style>.wp-block-kadence-column.kb-section-dir-horizontal > .kt-inside-inner-col > .kt-info-box10_619c11-20 .kt-blocks-info-box-link-wrap{max-width:unset;}.kt-info-box10_619c11-20 .kt-blocks-info-box-link-wrap{border-top-left-radius:0px;border-top-right-radius:0px;border-bottom-right-radius:0px;border-bottom-left-radius:0px;background:var(--global-palette9, #ffffff);padding-top:60px;padding-right:60px;padding-bottom:60px;padding-left:60px;margin-top:0px;margin-bottom:0px;}.kt-info-box10_619c11-20 .kt-blocks-info-box-link-wrap:hover{background:var(--global-palette8, #F7FAFC);}.kt-info-box10_619c11-20 .kadence-info-box-icon-container .kt-info-svg-icon, .kt-info-box10_619c11-20 .kt-info-svg-icon-flip, .kt-info-box10_619c11-20 .kt-blocks-info-box-number{font-size:30px;}.kt-info-box10_619c11-20 .kt-blocks-info-box-media{color:var(--global-palette9, #ffffff);background:var(--global-palette1, #3182CE);border-radius:200px;overflow:hidden;border-top-width:0px;border-right-width:0px;border-bottom-width:0px;border-left-width:0px;padding-top:20px;padding-right:20px;padding-bottom:20px;padding-left:20px;}.kt-info-box10_619c11-20 .kt-blocks-info-box-media-container{margin-top:0px;margin-right:15px;margin-bottom:10px;margin-left:15px;}.kt-info-box10_619c11-20 .kt-blocks-info-box-media .kadence-info-box-image-intrisic img{border-radius:200px;}.kt-info-box10_619c11-20 .kt-blocks-info-box-link-wrap:hover .kt-blocks-info-box-media{color:var(--global-palette9, #ffffff);background:var(--global-palette1, #3182CE);}.kt-info-box10_619c11-20 .kt-infobox-textcontent h6.kt-blocks-info-box-title{color:var(--global-palette3, #1A202C);padding-top:0px;padding-right:0px;padding-bottom:0px;padding-left:0px;margin-top:5px;margin-right:0px;margin-bottom:10px;margin-left:0px;}.kt-info-box10_619c11-20 .kt-infobox-textcontent .kt-blocks-info-box-text{color:var(--global-palette5, #4A5568);}.kt-info-box10_619c11-20 .kt-blocks-info-box-learnmore{background:transparent;border-color:#555555;border-width:0px 0px 0px 0px;padding-top:4px;padding-right:8px;padding-bottom:4px;padding-left:8px;margin-top:10px;margin-right:0px;margin-bottom:10px;margin-left:0px;}.kt-info-box10_619c11-20 .kt-blocks-info-box-link-wrap:hover .kt-blocks-info-box-learnmore,.kt-info-box10_619c11-20 .kt-blocks-info-box-link-wrap .kt-blocks-info-box-learnmore:focus{color:#ffffff;background:#444444;border-color:#444444;}@media all and (max-width: 767px){.kt-info-box10_619c11-20 .kt-blocks-info-box-link-wrap{padding-right:var(--global-kb-spacing-xxs, 0.5rem);padding-left:var(--global-kb-spacing-xxs, 0.5rem);}.wp-block-kadence-infobox.kt-info-box10_619c11-20 .kt-blocks-info-box-text{font-size:var(--global-kb-font-size-md, 1.25rem);}}<\/style>\n<div class=\"wp-block-kadence-infobox kt-info-box10_619c11-20\"><div class=\"kt-blocks-info-box-link-wrap kt-blocks-info-box-media-align-top kt-info-halign-center\"><div class=\"kt-blocks-info-box-media-container\"><div class=\"kt-blocks-info-box-media kt-info-media-animate-none\"><div class=\"kadence-info-box-icon-container kt-info-icon-animate-none\"><div class=\"kadence-info-box-icon-inner-container\"><span class=\"kb-svg-icon-wrap kb-svg-icon-fe_mail kt-info-svg-icon\"><svg viewBox=\"0 0 24 24\"  fill=\"none\" stroke=\"currentColor\" stroke-width=\"2\" stroke-linecap=\"round\" stroke-linejoin=\"round\" xmlns=\"http:\/\/www.w3.org\/2000\/svg\"  role=\"img\"><title>email<\/title><path d=\"M4 4h16c1.1 0 2 .9 2 2v12c0 1.1-.9 2-2 2H4c-1.1 0-2-.9-2-2V6c0-1.1.9-2 2-2z\"\/><polyline points=\"22,6 12,13 2,6\"\/><\/svg><\/span><\/div><\/div><\/div><\/div><div class=\"kt-infobox-textcontent\"><h6 class=\"kt-blocks-info-box-title\"><strong>mail<\/strong><\/h6><p class=\"kt-blocks-info-box-text\"><a href=\"mailto:info@csglobal.net.tr\">info@csglobal.net.tr<\/a><\/p><\/div><\/div><\/div>\n<\/div><\/div>\n\n\n<style>.kadence-column10_ebf93c-a9 > .kt-inside-inner-col,.kadence-column10_ebf93c-a9 > .kt-inside-inner-col:before{border-top-left-radius:0px;border-top-right-radius:0px;border-bottom-right-radius:0px;border-bottom-left-radius:0px;}.kadence-column10_ebf93c-a9 > .kt-inside-inner-col{column-gap:var(--global-kb-gap-sm, 1rem);}.kadence-column10_ebf93c-a9 > .kt-inside-inner-col{flex-direction:column;}.kadence-column10_ebf93c-a9 > .kt-inside-inner-col > .aligncenter{width:100%;}.kadence-column10_ebf93c-a9 > .kt-inside-inner-col:before{opacity:0.3;}.kadence-column10_ebf93c-a9{position:relative;}@media all and (max-width: 1024px){.kadence-column10_ebf93c-a9 > .kt-inside-inner-col{flex-direction:column;justify-content:center;}}@media all and (max-width: 767px){.kadence-column10_ebf93c-a9 > .kt-inside-inner-col{flex-direction:column;justify-content:center;}}<\/style>\n<div class=\"wp-block-kadence-column kadence-column10_ebf93c-a9 inner-column-3\"><div class=\"kt-inside-inner-col\"><style>.wp-block-kadence-column.kb-section-dir-horizontal > .kt-inside-inner-col > .kt-info-box10_4938b5-55 .kt-blocks-info-box-link-wrap{max-width:unset;}.kt-info-box10_4938b5-55 .kt-blocks-info-box-link-wrap{border-top-left-radius:0px;border-top-right-radius:0px;border-bottom-right-radius:0px;border-bottom-left-radius:0px;background:var(--global-palette9, #ffffff);padding-top:60px;padding-right:60px;padding-bottom:60px;padding-left:60px;margin-top:0px;margin-bottom:0px;}.kt-info-box10_4938b5-55 .kt-blocks-info-box-link-wrap:hover{background:var(--global-palette8, #F7FAFC);}.kt-info-box10_4938b5-55 .kadence-info-box-icon-container .kt-info-svg-icon, .kt-info-box10_4938b5-55 .kt-info-svg-icon-flip, .kt-info-box10_4938b5-55 .kt-blocks-info-box-number{font-size:30px;}.kt-info-box10_4938b5-55 .kt-blocks-info-box-media{color:var(--global-palette9, #ffffff);background:var(--global-palette1, #3182CE);border-radius:200px;overflow:hidden;border-top-width:0px;border-right-width:0px;border-bottom-width:0px;border-left-width:0px;padding-top:20px;padding-right:20px;padding-bottom:20px;padding-left:20px;}.kt-info-box10_4938b5-55 .kt-blocks-info-box-media-container{margin-top:0px;margin-right:15px;margin-bottom:10px;margin-left:15px;}.kt-info-box10_4938b5-55 .kt-blocks-info-box-media .kadence-info-box-image-intrisic img{border-radius:200px;}.kt-info-box10_4938b5-55 .kt-blocks-info-box-link-wrap:hover .kt-blocks-info-box-media{color:var(--global-palette9, #ffffff);background:var(--global-palette1, #3182CE);}.kt-info-box10_4938b5-55 .kt-infobox-textcontent h6.kt-blocks-info-box-title{color:var(--global-palette3, #1A202C);padding-top:0px;padding-right:0px;padding-bottom:0px;padding-left:0px;margin-top:5px;margin-right:0px;margin-bottom:10px;margin-left:0px;}.kt-info-box10_4938b5-55 .kt-infobox-textcontent .kt-blocks-info-box-text{color:var(--global-palette5, #4A5568);}.kt-info-box10_4938b5-55 .kt-blocks-info-box-learnmore{background:transparent;border-color:#555555;border-width:0px 0px 0px 0px;padding-top:4px;padding-right:8px;padding-bottom:4px;padding-left:8px;margin-top:10px;margin-right:0px;margin-bottom:10px;margin-left:0px;}.kt-info-box10_4938b5-55 .kt-blocks-info-box-link-wrap:hover .kt-blocks-info-box-learnmore,.kt-info-box10_4938b5-55 .kt-blocks-info-box-link-wrap .kt-blocks-info-box-learnmore:focus{color:#ffffff;background:#444444;border-color:#444444;}@media all and (max-width: 767px){.kt-info-box10_4938b5-55 .kt-blocks-info-box-link-wrap{padding-right:var(--global-kb-spacing-xxs, 0.5rem);padding-left:var(--global-kb-spacing-xxs, 0.5rem);}}<\/style>\n<div class=\"wp-block-kadence-infobox kt-info-box10_4938b5-55\"><div class=\"kt-blocks-info-box-link-wrap kt-blocks-info-box-media-align-top kt-info-halign-center\"><div class=\"kt-blocks-info-box-media-container\"><div class=\"kt-blocks-info-box-media kt-info-media-animate-none\"><div class=\"kadence-info-box-icon-container kt-info-icon-animate-none\"><div class=\"kadence-info-box-icon-inner-container\"><span class=\"kb-svg-icon-wrap kb-svg-icon-fe_phone kt-info-svg-icon\"><svg viewBox=\"0 0 24 24\"  fill=\"none\" stroke=\"currentColor\" stroke-width=\"2\" stroke-linecap=\"round\" stroke-linejoin=\"round\" xmlns=\"http:\/\/www.w3.org\/2000\/svg\"  role=\"img\"><title>phone<\/title><path d=\"M22 16.92v3a2 2 0 0 1-2.18 2 19.79 19.79 0 0 1-8.63-3.07 19.5 19.5 0 0 1-6-6 19.79 19.79 0 0 1-3.07-8.67A2 2 0 0 1 4.11 2h3a2 2 0 0 1 2 1.72 12.84 12.84 0 0 0 .7 2.81 2 2 0 0 1-.45 2.11L8.09 9.91a16 16 0 0 0 6 6l1.27-1.27a2 2 0 0 1 2.11-.45 12.84 12.84 0 0 0 2.81.7A2 2 0 0 1 22 16.92z\"\/><\/svg><\/span><\/div><\/div><\/div><\/div><div class=\"kt-infobox-textcontent\"><h6 class=\"kt-blocks-info-box-title\"><strong>telefon<\/strong><\/h6><p class=\"kt-blocks-info-box-text\"><a href=\"tel:05063656590\">0506 365 65 90<\/a><\/p><\/div><\/div><\/div>\n<\/div><\/div>\n\n\n<style>.kadence-column10_8d6a66-a1 > .kt-inside-inner-col,.kadence-column10_8d6a66-a1 > .kt-inside-inner-col:before{border-top-left-radius:0px;border-top-right-radius:0px;border-bottom-right-radius:0px;border-bottom-left-radius:0px;}.kadence-column10_8d6a66-a1 > .kt-inside-inner-col{column-gap:var(--global-kb-gap-sm, 1rem);}.kadence-column10_8d6a66-a1 > .kt-inside-inner-col{flex-direction:column;}.kadence-column10_8d6a66-a1 > .kt-inside-inner-col > .aligncenter{width:100%;}.kadence-column10_8d6a66-a1 > .kt-inside-inner-col:before{opacity:0.3;}.kadence-column10_8d6a66-a1{position:relative;}@media all and (max-width: 1024px){.kadence-column10_8d6a66-a1 > .kt-inside-inner-col{flex-direction:column;justify-content:center;}}@media all and (max-width: 767px){.kadence-column10_8d6a66-a1 > .kt-inside-inner-col{flex-direction:column;justify-content:center;}}<\/style>\n<div class=\"wp-block-kadence-column kadence-column10_8d6a66-a1\"><div class=\"kt-inside-inner-col\"><style>.wp-block-kadence-column.kb-section-dir-horizontal > .kt-inside-inner-col > .kt-info-box10_d00f5f-9f .kt-blocks-info-box-link-wrap{max-width:unset;}.kt-info-box10_d00f5f-9f .kt-blocks-info-box-link-wrap{border-top-left-radius:0px;border-top-right-radius:0px;border-bottom-right-radius:0px;border-bottom-left-radius:0px;background:var(--global-palette9, #ffffff);padding-top:60px;padding-right:60px;padding-bottom:60px;padding-left:60px;margin-top:0px;margin-bottom:0px;}.kt-info-box10_d00f5f-9f .kt-blocks-info-box-link-wrap:hover{background:var(--global-palette8, #F7FAFC);}.kt-info-box10_d00f5f-9f .kadence-info-box-icon-container .kt-info-svg-icon, .kt-info-box10_d00f5f-9f .kt-info-svg-icon-flip, .kt-info-box10_d00f5f-9f .kt-blocks-info-box-number{font-size:30px;}.kt-info-box10_d00f5f-9f .kt-blocks-info-box-media{color:var(--global-palette9, #ffffff);background:var(--global-palette1, #3182CE);border-radius:200px;overflow:hidden;border-top-width:0px;border-right-width:0px;border-bottom-width:0px;border-left-width:0px;padding-top:20px;padding-right:20px;padding-bottom:20px;padding-left:20px;}.kt-info-box10_d00f5f-9f .kt-blocks-info-box-media-container{margin-top:0px;margin-right:15px;margin-bottom:10px;margin-left:15px;}.kt-info-box10_d00f5f-9f .kt-blocks-info-box-media .kadence-info-box-image-intrisic img{border-radius:200px;}.kt-info-box10_d00f5f-9f .kt-blocks-info-box-link-wrap:hover .kt-blocks-info-box-media{color:var(--global-palette9, #ffffff);background:var(--global-palette1, #3182CE);}.kt-info-box10_d00f5f-9f .kt-infobox-textcontent h6.kt-blocks-info-box-title{color:var(--global-palette3, #1A202C);padding-top:0px;padding-right:0px;padding-bottom:0px;padding-left:0px;margin-top:5px;margin-right:0px;margin-bottom:10px;margin-left:0px;}.kt-info-box10_d00f5f-9f .kt-infobox-textcontent .kt-blocks-info-box-text{color:var(--global-palette5, #4A5568);}.kt-info-box10_d00f5f-9f .kt-blocks-info-box-learnmore{background:transparent;border-color:#555555;border-width:0px 0px 0px 0px;padding-top:4px;padding-right:8px;padding-bottom:4px;padding-left:8px;margin-top:10px;margin-right:0px;margin-bottom:10px;margin-left:0px;}.kt-info-box10_d00f5f-9f .kt-blocks-info-box-link-wrap:hover .kt-blocks-info-box-learnmore,.kt-info-box10_d00f5f-9f .kt-blocks-info-box-link-wrap .kt-blocks-info-box-learnmore:focus{color:#ffffff;background:#444444;border-color:#444444;}<\/style>\n<div class=\"wp-block-kadence-infobox kt-info-box10_d00f5f-9f\"><div class=\"kt-blocks-info-box-link-wrap kt-blocks-info-box-media-align-top kt-info-halign-center\"><div class=\"kt-blocks-info-box-media-container\"><div class=\"kt-blocks-info-box-media kt-info-media-animate-none\"><div class=\"kadence-info-box-icon-container kt-info-icon-animate-none\"><div class=\"kadence-info-box-icon-inner-container\"><span class=\"kb-svg-icon-wrap kb-svg-icon-fe_phoneCall kt-info-svg-icon\"><svg viewBox=\"0 0 24 24\"  fill=\"none\" stroke=\"currentColor\" stroke-width=\"2\" stroke-linecap=\"round\" stroke-linejoin=\"round\" xmlns=\"http:\/\/www.w3.org\/2000\/svg\"  role=\"img\"><title>phone<\/title><path d=\"M15.05 5A5 5 0 0 1 19 8.95M15.05 1A9 9 0 0 1 23 8.94m-1 7.98v3a2 2 0 0 1-2.18 2 19.79 19.79 0 0 1-8.63-3.07 19.5 19.5 0 0 1-6-6 19.79 19.79 0 0 1-3.07-8.67A2 2 0 0 1 4.11 2h3a2 2 0 0 1 2 1.72 12.84 12.84 0 0 0 .7 2.81 2 2 0 0 1-.45 2.11L8.09 9.91a16 16 0 0 0 6 6l1.27-1.27a2 2 0 0 1 2.11-.45 12.84 12.84 0 0 0 2.81.7A2 2 0 0 1 22 16.92z\"\/><\/svg><\/span><\/div><\/div><\/div><\/div><div class=\"kt-infobox-textcontent\"><h6 class=\"kt-blocks-info-box-title\"><strong>SAB\u0130T HAT<\/strong><\/h6><p class=\"kt-blocks-info-box-text\"><a href=\"tel:03124797673\">0 312 479 76 73<\/a><\/p><\/div><\/div><\/div>\n<\/div><\/div>\n\n<\/div><\/div>","protected":false},"excerpt":{"rendered":"<p>\u0130LET\u0130\u015e\u0130M Bize Her Zaman Ula\u015fabilirsiniz<\/p>\n","protected":false},"author":1,"featured_media":0,"parent":0,"menu_order":0,"comment_status":"closed","ping_status":"closed","template":"","meta":{"_kad_post_transparent":"","_kad_post_title":"hide","_kad_post_layout":"fullwidth","_kad_post_sidebar_id":"","_kad_post_content_style":"unboxed","_kad_post_vertical_padding":"hide","_kad_post_feature":"hide","_kad_post_feature_position":"","_kad_post_header":false,"_kad_post_footer":false,"_kad_post_classname":"","footnotes":""},"class_list":["post-10","page","type-page","status-publish","hentry"],"_links":{"self":[{"href":"https:\/\/csglobal.net.tr\/index.php?rest_route=\/wp\/v2\/pages\/10","targetHints":{"allow":["GET"]}}],"collection":[{"href":"https:\/\/csglobal.net.tr\/index.php?rest_route=\/wp\/v2\/pages"}],"about":[{"href":"https:\/\/csglobal.net.tr\/index.php?rest_route=\/wp\/v2\/types\/page"}],"author":[{"embeddable":true,"href":"https:\/\/csglobal.net.tr\/index.php?rest_route=\/wp\/v2\/users\/1"}],"replies":[{"embeddable":true,"href":"https:\/\/csglobal.net.tr\/index.php?rest_route=%2Fwp%2Fv2%2Fcomments&post=10"}],"version-history":[{"count":3,"href":"https:\/\/csglobal.net.tr\/index.php?rest_route=\/wp\/v2\/pages\/10\/revisions"}],"predecessor-version":[{"id":1216,"href":"https:\/\/csglobal.net.tr\/index.php?rest_route=\/wp\/v2\/pages\/10\/revisions\/1216"}],"wp:attachment":[{"href":"https:\/\/csglobal.net.tr\/index.php?rest_route=%2Fwp%2Fv2%2Fmedia&parent=10"}],"curies":[{"name":"wp","href":"https:\/\/api.w.org\/{rel}","templated":true}]}}